{"id":616,"date":"2024-06-21T17:44:10","date_gmt":"2024-06-21T09:44:10","guid":{"rendered":"https:\/\/www.ficchem.com\/?page_id=616"},"modified":"2024-06-21T17:44:10","modified_gmt":"2024-06-21T09:44:10","slug":"article","status":"publish","type":"page","link":"https:\/\/www.ficchem.com\/et\/article\/","title":{"rendered":"Artikkel"},"content":{"rendered":"<h3>Lummatud mets<\/h3>\n<p>Muistse maa s\u00fcdames, kaugel sagivatest linnadest ja l\u00e4rmakatest maanteedest, asub lummav mets. Siinsed puud on vanemad kui m\u00e4lestusedki, nende s\u00f5lmelised t\u00fcved ja looklevad oksad on tunnistuseks lugematute aastaaegade m\u00f6\u00f6dumisest. P\u00e4ikesevalgus filtreerub l\u00e4bi tiheda v\u00f5ra, heites metsaalusele valguse ja varju kaleidoskoobi.<\/p>\n<p>Selles ajatus metsas jalutades v\u00f5ib peaaegu kuulda mineviku sosinat. Lehed sahisevad unustatud aegade lugudest ja tuul kannab endaga kaasa naeru ja laulu n\u00f5rgemat kaja. See on koht, kus piir reaalsuse ja kujutlusv\u00f5ime vahel h\u00e4gustub, kus igap\u00e4evane maailm h\u00e4\u00e4bub ja looduse maagia valitseb \u00fclimalt.<\/p>\n<p>\u00d5hk on t\u00e4is \u00f5itsvate lillede magusat l\u00f5hna ja niiske mulla mulda. Maapinda katavad s\u00f5najalad ja samblad, luues lopsaka rohelise vaiba, mis pehmendab iga sammu. Siin-seal puhkevad metslillede laigud erksatesse v\u00e4rvidesse, nende \u00f5rnad kroonlehed s\u00e4tendavad laigulises valguses.<\/p>\n<p>Metsa s\u00fcdames on lagendik, kus l\u00e4bi alusmetsa lookleb kristallselge oja. Vesi s\u00e4deleb teispoolsusliku kumaga, justkui oleks see t\u00e4is metsa v\u00f5luj\u00f5udu. V\u00e4ikesed olendid, nii p\u00e4ris kui ka m\u00fc\u00fctilised, tulevad selle puhtast veest jooma, nende kohalolek tuletab meelde metsa iidseid saladusi.<\/p>\n<p>H\u00e4maruse saabudes mets muutub. Varjud s\u00fcvenevad ja \u00f5hk jahedamaks. Jaanimardikad alustavad oma \u00f6ist tantsu, nende pisikesed tuled virvendavad nagu maa peale langenud t\u00e4hed. Mets sumiseb siristavate ritsikate \u00f6ise s\u00fcmfoonia ja kauge \u00f6\u00f6kulli huikamise saatel. See on vaikse m\u00f5tiskluse aeg, mil hing tunneb \u00fchendust millegi suurema, millegi igavesega.<\/p>\n<p>N\u00f5iamets on p\u00fchapaik, koht, kus saab p\u00f5geneda t\u00e4nap\u00e4eva maailma kaose eest ja taas\u00fchenduda looduse \u00fcrgse iluga. See tuletab meelde, et maagia on endiselt olemas \u2013 mitte suurtes \u017eestides v\u00f5i keerukates loitsudes, vaid loodusmaailma lihtsas ja s\u00fcgavas imes. Siit, iidsete puude ja sosistavate lehtede keskelt, v\u00f5ib leida rahu, inspiratsiooni ja aja\u00fclese kuuluvustunde.<\/p>","protected":false},"excerpt":{"rendered":"<p>The Enchanted Forest In the heart of an ancient land, far beyond the reach of bustling cities and noisy highways, there lies an enchanted forest. The trees here are older than memory itself, their gnarled trunks and twisting branches a testament to the passage of countless seasons. Sunlight filters through the dense canopy, casting a [&hellip;]<\/p>","protected":false},"author":1,"featured_media":0,"parent":0,"menu_order":0,"comment_status":"closed","ping_status":"closed","template":"","meta":{"footnotes":""},"class_list":["post-616","page","type-page","status-publish","hentry"],"acf":[],"yoast_head":"<!-- This site is optimized with the Yoast SEO plugin v24.5 - https:\/\/yoast.com\/wordpress\/plugins\/seo\/ -->\n<title>Article - Welcome to FIC<\/title>\n<meta name=\"robots\" content=\"index, follow, max-snippet:-1, max-image-preview:large, max-video-preview:-1\" \/>\n<link rel=\"canonical\" href=\"https:\/\/www.ficchem.com\/et\/article\/\" \/>\n<meta property=\"og:locale\" content=\"et_EE\" \/>\n<meta property=\"og:type\" content=\"article\" \/>\n<meta property=\"og:title\" content=\"Article - Welcome to FIC\" \/>\n<meta property=\"og:description\" content=\"The Enchanted Forest In the heart of an ancient land, far beyond the reach of bustling cities and noisy highways, there lies an enchanted forest. The trees here are older than memory itself, their gnarled trunks and twisting branches a testament to the passage of countless seasons. Sunlight filters through the dense canopy, casting a [&hellip;]\" \/>\n<meta property=\"og:url\" content=\"https:\/\/www.ficchem.com\/et\/article\/\" \/>\n<meta property=\"og:site_name\" content=\"Welcome to FIC\" \/>\n<meta property=\"article:publisher\" content=\"https:\/\/www.facebook.com\/dfic2010\/\" \/>\n<meta name=\"twitter:card\" content=\"summary_large_image\" \/>\n<meta name=\"twitter:label1\" content=\"Est. reading time\" \/>\n\t<meta name=\"twitter:data1\" content=\"2 minutit\" \/>\n<script type=\"application\/ld+json\" class=\"yoast-schema-graph\">{\"@context\":\"https:\/\/schema.org\",\"@graph\":[{\"@type\":\"WebPage\",\"@id\":\"https:\/\/www.ficchem.com\/article\/\",\"url\":\"https:\/\/www.ficchem.com\/article\/\",\"name\":\"Article - Welcome to FIC\",\"isPartOf\":{\"@id\":\"https:\/\/www.ficchem.com\/#website\"},\"datePublished\":\"2024-06-21T09:44:10+00:00\",\"breadcrumb\":{\"@id\":\"https:\/\/www.ficchem.com\/article\/#breadcrumb\"},\"inLanguage\":\"et\",\"potentialAction\":[{\"@type\":\"ReadAction\",\"target\":[\"https:\/\/www.ficchem.com\/article\/\"]}]},{\"@type\":\"BreadcrumbList\",\"@id\":\"https:\/\/www.ficchem.com\/article\/#breadcrumb\",\"itemListElement\":[{\"@type\":\"ListItem\",\"position\":1,\"name\":\"Home\",\"item\":\"https:\/\/www.ficchem.com\/\"},{\"@type\":\"ListItem\",\"position\":2,\"name\":\"Article\"}]},{\"@type\":\"WebSite\",\"@id\":\"https:\/\/www.ficchem.com\/#website\",\"url\":\"https:\/\/www.ficchem.com\/\",\"name\":\"Welcome to FIC\",\"description\":\"\",\"publisher\":{\"@id\":\"https:\/\/www.ficchem.com\/#organization\"},\"potentialAction\":[{\"@type\":\"SearchAction\",\"target\":{\"@type\":\"EntryPoint\",\"urlTemplate\":\"https:\/\/www.ficchem.com\/?s={search_term_string}\"},\"query-input\":{\"@type\":\"PropertyValueSpecification\",\"valueRequired\":true,\"valueName\":\"search_term_string\"}}],\"inLanguage\":\"et\"},{\"@type\":\"Organization\",\"@id\":\"https:\/\/www.ficchem.com\/#organization\",\"name\":\"Welcome to FIC\",\"url\":\"https:\/\/www.ficchem.com\/\",\"logo\":{\"@type\":\"ImageObject\",\"inLanguage\":\"et\",\"@id\":\"https:\/\/www.ficchem.com\/#\/schema\/logo\/image\/\",\"url\":\"https:\/\/www.ficchem.com\/wp-content\/uploads\/2024\/01\/logo1.png\",\"contentUrl\":\"https:\/\/www.ficchem.com\/wp-content\/uploads\/2024\/01\/logo1.png\",\"width\":120,\"height\":54,\"caption\":\"Welcome to FIC\"},\"image\":{\"@id\":\"https:\/\/www.ficchem.com\/#\/schema\/logo\/image\/\"},\"sameAs\":[\"https:\/\/www.facebook.com\/dfic2010\/\"]}]}<\/script>\n<!-- \/ Yoast SEO plugin. -->","yoast_head_json":{"title":"Article - Welcome to FIC","robots":{"index":"index","follow":"follow","max-snippet":"max-snippet:-1","max-image-preview":"max-image-preview:large","max-video-preview":"max-video-preview:-1"},"canonical":"https:\/\/www.ficchem.com\/et\/article\/","og_locale":"et_EE","og_type":"article","og_title":"Article - Welcome to FIC","og_description":"The Enchanted Forest In the heart of an ancient land, far beyond the reach of bustling cities and noisy highways, there lies an enchanted forest. The trees here are older than memory itself, their gnarled trunks and twisting branches a testament to the passage of countless seasons. Sunlight filters through the dense canopy, casting a [&hellip;]","og_url":"https:\/\/www.ficchem.com\/et\/article\/","og_site_name":"Welcome to FIC","article_publisher":"https:\/\/www.facebook.com\/dfic2010\/","twitter_card":"summary_large_image","twitter_misc":{"Est. reading time":"2 minutit"},"schema":{"@context":"https:\/\/schema.org","@graph":[{"@type":"WebPage","@id":"https:\/\/www.ficchem.com\/article\/","url":"https:\/\/www.ficchem.com\/article\/","name":"Article - Welcome to FIC","isPartOf":{"@id":"https:\/\/www.ficchem.com\/#website"},"datePublished":"2024-06-21T09:44:10+00:00","breadcrumb":{"@id":"https:\/\/www.ficchem.com\/article\/#breadcrumb"},"inLanguage":"et","potentialAction":[{"@type":"ReadAction","target":["https:\/\/www.ficchem.com\/article\/"]}]},{"@type":"BreadcrumbList","@id":"https:\/\/www.ficchem.com\/article\/#breadcrumb","itemListElement":[{"@type":"ListItem","position":1,"name":"Home","item":"https:\/\/www.ficchem.com\/"},{"@type":"ListItem","position":2,"name":"Article"}]},{"@type":"WebSite","@id":"https:\/\/www.ficchem.com\/#website","url":"https:\/\/www.ficchem.com\/","name":"Welcome to FIC","description":"","publisher":{"@id":"https:\/\/www.ficchem.com\/#organization"},"potentialAction":[{"@type":"SearchAction","target":{"@type":"EntryPoint","urlTemplate":"https:\/\/www.ficchem.com\/?s={search_term_string}"},"query-input":{"@type":"PropertyValueSpecification","valueRequired":true,"valueName":"search_term_string"}}],"inLanguage":"et"},{"@type":"Organization","@id":"https:\/\/www.ficchem.com\/#organization","name":"Welcome to FIC","url":"https:\/\/www.ficchem.com\/","logo":{"@type":"ImageObject","inLanguage":"et","@id":"https:\/\/www.ficchem.com\/#\/schema\/logo\/image\/","url":"https:\/\/www.ficchem.com\/wp-content\/uploads\/2024\/01\/logo1.png","contentUrl":"https:\/\/www.ficchem.com\/wp-content\/uploads\/2024\/01\/logo1.png","width":120,"height":54,"caption":"Welcome to FIC"},"image":{"@id":"https:\/\/www.ficchem.com\/#\/schema\/logo\/image\/"},"sameAs":["https:\/\/www.facebook.com\/dfic2010\/"]}]}},"_links":{"self":[{"href":"https:\/\/www.ficchem.com\/et\/wp-json\/wp\/v2\/pages\/616","targetHints":{"allow":["GET"]}}],"collection":[{"href":"https:\/\/www.ficchem.com\/et\/wp-json\/wp\/v2\/pages"}],"about":[{"href":"https:\/\/www.ficchem.com\/et\/wp-json\/wp\/v2\/types\/page"}],"author":[{"embeddable":true,"href":"https:\/\/www.ficchem.com\/et\/wp-json\/wp\/v2\/users\/1"}],"replies":[{"embeddable":true,"href":"https:\/\/www.ficchem.com\/et\/wp-json\/wp\/v2\/comments?post=616"}],"version-history":[{"count":0,"href":"https:\/\/www.ficchem.com\/et\/wp-json\/wp\/v2\/pages\/616\/revisions"}],"wp:attachment":[{"href":"https:\/\/www.ficchem.com\/et\/wp-json\/wp\/v2\/media?parent=616"}],"curies":[{"name":"wp","href":"https:\/\/api.w.org\/{rel}","templated":true}]}}