{"id":3,"date":"2023-02-05T11:03:45","date_gmt":"2023-02-05T03:03:45","guid":{"rendered":"https:\/\/www.ficchem.com\/?page_id=3"},"modified":"2025-03-21T09:53:32","modified_gmt":"2025-03-21T01:53:32","slug":"privacy-policy","status":"publish","type":"page","link":"https:\/\/www.ficchem.com\/cs\/privacy-policy\/","title":{"rendered":"Z\u00e1sady ochrany osobn\u00edch \u00fadaj\u016f"},"content":{"rendered":"<p>Tyto Z\u00e1sady ochrany osobn\u00edch \u00fadaj\u016f popisuj\u00ed, jak jsou va\u0161e osobn\u00ed \u00fadaje shroma\u017e\u010fov\u00e1ny, pou\u017e\u00edv\u00e1ny a sd\u00edleny, kdy\u017e n\u00e1s nav\u0161t\u00edv\u00edte nebo u n\u00e1s n\u011bco nakoup\u00edte.<\/p>\r\n<p><strong><b>OSOBN\u00cd \u00daDAJE, KTER\u00c9 SHROMA\u017d\u010eUJEME<\/b><\/strong><\/p>\r\n<p>Kdy\u017e nav\u0161t\u00edv\u00edte Str\u00e1nky, automaticky shroma\u017e\u010fujeme ur\u010dit\u00e9 informace o va\u0161em za\u0159\u00edzen\u00ed, v\u010detn\u011b informac\u00ed o va\u0161em webov\u00e9m prohl\u00ed\u017ee\u010di, IP adrese, \u010dasov\u00e9m p\u00e1smu a n\u011bkter\u00fdch souborech cookie nainstalovan\u00fdch ve va\u0161em za\u0159\u00edzen\u00ed. D\u00e1le p\u0159i proch\u00e1zen\u00ed Str\u00e1nek shroma\u017e\u010fujeme informace o jednotliv\u00fdch webov\u00fdch str\u00e1nk\u00e1ch nebo produktech, kter\u00e9 si prohl\u00ed\u017e\u00edte, o tom, kter\u00e9 webov\u00e9 str\u00e1nky nebo vyhled\u00e1vac\u00ed v\u00fdrazy v\u00e1s na Str\u00e1nky odk\u00e1zaly, a o tom, jak s Str\u00e1nkami interagujete. Tyto automaticky shroma\u017e\u010fovan\u00e9 informace ozna\u010dujeme jako \u201eInformace o za\u0159\u00edzen\u00ed\u201c.<\/p>\r\n<p><strong><b>Informace o za\u0159\u00edzen\u00edch, kter\u00e9 shroma\u017e\u010fujeme<\/b><\/strong><\/p>\r\n<p>\u2013 \u201eSoubory cookie\u201c jsou datov\u00e9 soubory, kter\u00e9 se ukl\u00e1daj\u00ed do va\u0161eho za\u0159\u00edzen\u00ed nebo po\u010d\u00edta\u010de a \u010dasto obsahuj\u00ed anonymn\u00ed jedine\u010dn\u00fd identifik\u00e1tor. Dal\u0161\u00ed informace o souborech cookie a o tom, jak je zak\u00e1zat, naleznete na adrese\u00a0<a href=\"https:\/\/link.zhihu.com\/?target=http:\/\/www.allaboutcookies.org\">http:\/\/www.allaboutcookies.org<\/a>.<\/p>\r\n<p>\u2013 \u201eSoubory protokol\u016f\u201c sleduj\u00ed akce prob\u00edhaj\u00edc\u00ed na webu a shroma\u017e\u010fuj\u00ed data v\u010detn\u011b va\u0161\u00ed IP adresy, typu prohl\u00ed\u017ee\u010de, poskytovatele internetov\u00fdch slu\u017eeb, odkazuj\u00edc\u00edch\/v\u00fdstupn\u00edch str\u00e1nek a datov\u00fdch\/\u010dasov\u00fdch raz\u00edtek.<\/p>\r\n<p>\u2013 \u201eWebov\u00e9 maj\u00e1ky\u201c, \u201etagy\u201c a \u201epixely\u201c jsou elektronick\u00e9 soubory pou\u017e\u00edvan\u00e9 k zaznamen\u00e1v\u00e1n\u00ed informac\u00ed o tom, jak prohl\u00ed\u017e\u00edte str\u00e1nky.<\/p>\r\n<p>Krom\u011b toho, kdy\u017e provedete n\u00e1kup nebo se o n\u00e1kup pokus\u00edte prost\u0159ednictv\u00edm Str\u00e1nky, shroma\u017e\u010fujeme od v\u00e1s ur\u010dit\u00e9 informace, v\u010detn\u011b va\u0161eho jm\u00e9na, faktura\u010dn\u00ed adresy, dodac\u00ed adresy, platebn\u00edch \u00fadaj\u016f (v\u010detn\u011b \u010d\u00edsel kreditn\u00edch karet), e-mailov\u00e9 adresy a telefonn\u00edho \u010d\u00edsla. Tyto informace ozna\u010dujeme jako \u201einformace o objedn\u00e1vce\u201c.<\/p>\r\n<p>Kdy\u017e v t\u011bchto Z\u00e1sad\u00e1ch ochrany osobn\u00edch \u00fadaj\u016f hovo\u0159\u00edme o \u201eosobn\u00edch \u00fadaj\u00edch\u201c, m\u00e1me na mysli jak informace o za\u0159\u00edzen\u00ed, tak i informace o objedn\u00e1vce.<\/p>\r\n<p><strong><b>JAK POU\u017d\u00cdV\u00c1ME VA\u0160E OSOBN\u00cd \u00daDAJE?<\/b><\/strong><\/p>\r\n<p>Informace o objedn\u00e1vk\u00e1ch, kter\u00e9 shroma\u017e\u010fujeme, pou\u017e\u00edv\u00e1me obecn\u011b k vy\u0159\u00edzen\u00ed objedn\u00e1vek zadan\u00fdch prost\u0159ednictv\u00edm Str\u00e1nek (v\u010detn\u011b zpracov\u00e1n\u00ed va\u0161ich platebn\u00edch \u00fadaj\u016f, zaji\u0161t\u011bn\u00ed dopravy a poskytov\u00e1n\u00ed faktur a\/nebo potvrzen\u00ed objedn\u00e1vek). Tyto informace o objedn\u00e1vk\u00e1ch d\u00e1le pou\u017e\u00edv\u00e1me k:<\/p>\r\n<p>\u2013 Komunikovat s v\u00e1mi;<\/p>\r\n<p>\u2013 Prov\u011b\u0159ujeme na\u0161e objedn\u00e1vky, zda se nevyskytuje potenci\u00e1ln\u00ed riziko nebo podvod;<\/p>\r\n<p>\u2013 Pokud je to v souladu s preferencemi, kter\u00e9 jste n\u00e1m sd\u011blili, poskytovat v\u00e1m informace nebo reklamu t\u00fdkaj\u00edc\u00ed se na\u0161ich produkt\u016f nebo slu\u017eeb.<\/p>\r\n<p>Informace o za\u0159\u00edzen\u00edch, kter\u00e9 shroma\u017e\u010fujeme (zejm\u00e9na va\u0161i IP adresu), pou\u017e\u00edv\u00e1me k prov\u011b\u0159ov\u00e1n\u00ed potenci\u00e1ln\u00edch rizik a podvod\u016f a obecn\u011bji ke zlep\u0161en\u00ed a optimalizaci na\u0161ich str\u00e1nek (nap\u0159\u00edklad generov\u00e1n\u00edm anal\u00fdz o tom, jak na\u0161i z\u00e1kazn\u00edci proch\u00e1zej\u00ed str\u00e1nky a interaguj\u00ed s nimi, a k posouzen\u00ed \u00fasp\u011b\u0161nosti na\u0161ich marketingov\u00fdch a reklamn\u00edch kampan\u00ed).<\/p>\r\n<p><strong><b>SD\u00cdLEN\u00cd VA\u0160ICH OSOBN\u00cdCH \u00daDAJ\u016e<\/b><\/strong><\/p>\r\n<p>Va\u0161e osobn\u00ed \u00fadaje sd\u00edl\u00edme se t\u0159et\u00edmi stranami, kter\u00e9 n\u00e1m pom\u00e1haj\u00ed pou\u017e\u00edvat va\u0161e osobn\u00ed \u00fadaje, jak je pops\u00e1no v\u00fd\u0161e. Nap\u0159\u00edklad k provozu na\u0161ich webov\u00fdch str\u00e1nek pou\u017e\u00edv\u00e1me WordPress Soft.<\/p>\r\n<p>Tak\u00e9 pou\u017e\u00edv\u00e1me Google Analytics, abychom l\u00e9pe pochopili, jak na\u0161i z\u00e1kazn\u00edci pou\u017e\u00edvaj\u00ed web \u2013 v\u00edce o tom, jak Google pou\u017e\u00edv\u00e1 va\u0161e osobn\u00ed \u00fadaje, si m\u016f\u017eete p\u0159e\u010d\u00edst zde:\u00a0<a href=\"https:\/\/link.zhihu.com\/?target=https:\/\/www.google.com\/intl\/en\/policies\/privacy\/\">https:\/\/www.google.com\/intl\/en\/policies\/privacy\/<\/a>Z Google Analytics se m\u016f\u017eete tak\u00e9 odhl\u00e1sit zde:\u00a0<a href=\"https:\/\/link.zhihu.com\/?target=https:\/\/tools.google.com\/dlpage\/gaoptout\">https:\/\/tools.google.com\/dlpage\/gaoptout<\/a>.<\/p>\r\n<p>Kone\u010dn\u011b m\u016f\u017eeme va\u0161e osobn\u00ed \u00fadaje sd\u00edlet tak\u00e9 za \u00fa\u010delem dodr\u017eov\u00e1n\u00ed platn\u00fdch z\u00e1kon\u016f a p\u0159edpis\u016f, pro reakci na p\u0159edvol\u00e1n\u00ed, p\u0159\u00edkaz k prohl\u00eddce nebo jinou z\u00e1konnou \u017e\u00e1dost o informace, kterou obdr\u017e\u00edme, nebo pro jinou ochranu na\u0161ich pr\u00e1v.<\/p>\r\n<p><strong><b>BEHAVIOR\u00c1LN\u00cd REKLAMA<\/b><\/strong><\/p>\r\n<p>Jak je pops\u00e1no v\u00fd\u0161e, va\u0161e osobn\u00ed \u00fadaje pou\u017e\u00edv\u00e1me k tomu, abychom v\u00e1m poskytovali c\u00edlenou reklamu nebo marketingovou komunikaci, o kter\u00e9 se domn\u00edv\u00e1me, \u017ee by v\u00e1s mohla zaj\u00edmat. V\u00edce informac\u00ed o tom, jak c\u00edlen\u00e1 reklama funguje, naleznete na vzd\u011bl\u00e1vac\u00ed str\u00e1nce Network Advertising Initiative (\u201eNAI\u201c) na adrese\u00a0<a href=\"https:\/\/link.zhihu.com\/?target=http:\/\/www.networkadvertising.org\/understanding-online-advertising\/how-does-it-work\">http:\/\/www.networkadvertising.org\/understanding-online-advertising\/how-does-it-work<\/a>.<\/p>\r\n<p>Z c\u00edlen\u00e9 reklamy se m\u016f\u017eete odhl\u00e1sit pomoc\u00ed n\u00ed\u017ee uveden\u00fdch odkaz\u016f:<\/p>\r\n<p>\u2013 Facebook:\u00a0<a href=\"https:\/\/link.zhihu.com\/?target=https:\/\/www.facebook.com\/settings\/?tab=ads\">https:\/\/www.facebook.com\/settings\/?tab=ads<\/a><\/p>\r\n<p>\u2013 Google:\u00a0<a href=\"https:\/\/link.zhihu.com\/?target=https:\/\/www.google.com\/settings\/ads\/anonymous\">https:\/\/www.google.com\/settings\/ads\/anonymous<\/a><\/p>\r\n<p>\u2013 Bing:\u00a0<a href=\"https:\/\/link.zhihu.com\/?target=https:\/\/advertise.bingads.microsoft.com\/en-us\/resources\/policies\/personalized-ads\">https:\/\/advertise.bingads.microsoft.com\/en-us\/resources\/policies\/personalized-ads<\/a><\/p>\r\n<p>Krom\u011b toho se m\u016f\u017eete od n\u011bkter\u00fdch z t\u011bchto slu\u017eeb odhl\u00e1sit na port\u00e1lu pro odhl\u00e1\u0161en\u00ed Digital Advertising Alliance na adrese:\u00a0<a href=\"https:\/\/link.zhihu.com\/?target=http:\/\/optout.aboutads.info\/\">http:\/\/optout.aboutads.info\/<\/a>.<\/p>\r\n<p><strong><b>NESLEDOVAT<\/b><\/strong><\/p>\r\n<p>Vezm\u011bte pros\u00edm na v\u011bdom\u00ed, \u017ee nem\u011bn\u00edme postupy shroma\u017e\u010fov\u00e1n\u00ed a pou\u017e\u00edv\u00e1n\u00ed dat na na\u0161ich str\u00e1nk\u00e1ch, kdy\u017e z va\u0161eho prohl\u00ed\u017ee\u010de vid\u00edme sign\u00e1l \u201eNesledovat\u201c.<\/p>\r\n<p><strong><b>VA\u0160E PR\u00c1VA<\/b><\/strong><\/p>\r\n<p>Pokud jste rezidentem Evropy, m\u00e1te pr\u00e1vo na p\u0159\u00edstup k osobn\u00edm \u00fadaj\u016fm, kter\u00e9 o v\u00e1s uchov\u00e1v\u00e1me, a po\u017e\u00e1dat o jejich opravu, aktualizaci nebo smaz\u00e1n\u00ed. Pokud chcete toto pr\u00e1vo uplatnit, kontaktujte n\u00e1s pros\u00edm prost\u0159ednictv\u00edm n\u00ed\u017ee uveden\u00fdch kontaktn\u00edch \u00fadaj\u016f.<\/p>\r\n<p>D\u00e1le upozor\u0148ujeme, \u017ee pokud jste rezidentem Evropy, zpracov\u00e1v\u00e1me va\u0161e informace za \u00fa\u010delem pln\u011bn\u00ed smluv, kter\u00e9 s v\u00e1mi m\u016f\u017eeme m\u00edt (nap\u0159\u00edklad pokud provedete objedn\u00e1vku prost\u0159ednictv\u00edm Str\u00e1nek), nebo za \u00fa\u010delem prosazov\u00e1n\u00ed na\u0161ich v\u00fd\u0161e uveden\u00fdch opr\u00e1vn\u011bn\u00fdch obchodn\u00edch z\u00e1jm\u016f. D\u00e1le upozor\u0148ujeme, \u017ee va\u0161e informace budou p\u0159evedeny mimo Evropu, v\u010detn\u011b Kanady a Spojen\u00fdch st\u00e1t\u016f.<\/p>\r\n<p><strong><b>Uchov\u00e1v\u00e1n\u00ed dat<\/b><\/strong><\/p>\r\n<p>Kdy\u017e zad\u00e1te objedn\u00e1vku prost\u0159ednictv\u00edm Str\u00e1nek, budeme uchov\u00e1vat informace o va\u0161\u00ed objedn\u00e1vce pro na\u0161e z\u00e1znamy, dokud n\u00e1s nepo\u017e\u00e1d\u00e1te o smaz\u00e1n\u00ed t\u011bchto informac\u00ed.<\/p>\r\n<p><strong><b>ZM\u011aNY<\/b><\/strong><\/p>\r\n<p>Tyto z\u00e1sady ochrany osobn\u00edch \u00fadaj\u016f m\u016f\u017eeme \u010das od \u010dasu aktualizovat, abychom zohlednili nap\u0159\u00edklad zm\u011bny v na\u0161ich postupech nebo z jin\u00fdch provozn\u00edch, pr\u00e1vn\u00edch \u010di regula\u010dn\u00edch d\u016fvod\u016f.<\/p>\r\n<p><strong><b>NEZLETIL\u00cd<\/b><\/strong><\/p>\r\n<p>Str\u00e1nky nejsou ur\u010deny pro osoby mlad\u0161\u00ed 13 let.<\/p>\r\n<p><strong><b>KONTAKTUJTE N\u00c1S<\/b><\/strong><\/p>\r\n<p>Pro v\u00edce informac\u00ed o na\u0161ich postupech ochrany osobn\u00edch \u00fadaj\u016f, pokud m\u00e1te dotazy nebo chcete podat st\u00ed\u017enost, kontaktujte n\u00e1s pros\u00edm prost\u0159ednictv\u00edm n\u00ed\u017ee uveden\u00fdch \u00fadaj\u016f:<\/p>\r\n<h3 class=\"wp-block-heading\"><strong><b>n\u00e1zev_spole\u010dnosti\uff1a<\/b><\/strong><strong><b>Dalian Future International Co., Ltd<\/b><\/strong><strong><b>\u00a0<\/b><\/strong><\/h3>\r\n<p>compnay_email\uff1aInfo@Ficchem.Com<\/p>\r\n<p>&nbsp;<\/p>\r\n<p>adresa spole\u010dnosti\uff1aM\u00cdSTNOST 1302, V\u011a\u017d B, MEZIN\u00c1RODN\u00cd FINAN\u010cN\u00cd CENTRUM XINGHAI, OKRES SHAHEKOU, DALIAN, \u010c\u00cdNA<\/p>","protected":false},"excerpt":{"rendered":"<p>This Privacy Policy describes how your personal information is collected, used, and shared when you visit or make a purchase on us. PERSONAL INFORMATION WE COLLECT When you visit the Site, we automatically collect certain information about your device, including information about your web browser, IP address, time zone, and some of the cookies that [&hellip;]<\/p>","protected":false},"author":1,"featured_media":0,"parent":0,"menu_order":0,"comment_status":"closed","ping_status":"open","template":"","meta":{"footnotes":""},"class_list":["post-3","page","type-page","status-publish","hentry"],"acf":[],"yoast_head":"<!-- This site is optimized with the Yoast SEO plugin v24.5 - https:\/\/yoast.com\/wordpress\/plugins\/seo\/ -->\n<title>Privacy policy - Welcome to FIC<\/title>\n<meta name=\"robots\" content=\"index, follow, max-snippet:-1, max-image-preview:large, max-video-preview:-1\" \/>\n<link rel=\"canonical\" href=\"https:\/\/www.ficchem.com\/cs\/privacy-policy\/\" \/>\n<meta property=\"og:locale\" content=\"cs_CZ\" \/>\n<meta property=\"og:type\" content=\"article\" \/>\n<meta property=\"og:title\" content=\"Privacy policy - Welcome to FIC\" \/>\n<meta property=\"og:description\" content=\"This Privacy Policy describes how your personal information is collected, used, and shared when you visit or make a purchase on us. PERSONAL INFORMATION WE COLLECT When you visit the Site, we automatically collect certain information about your device, including information about your web browser, IP address, time zone, and some of the cookies that [&hellip;]\" \/>\n<meta property=\"og:url\" content=\"https:\/\/www.ficchem.com\/cs\/privacy-policy\/\" \/>\n<meta property=\"og:site_name\" content=\"Welcome to FIC\" \/>\n<meta property=\"article:publisher\" content=\"https:\/\/www.facebook.com\/dfic2010\/\" \/>\n<meta property=\"article:modified_time\" content=\"2025-03-21T01:53:32+00:00\" \/>\n<meta name=\"twitter:card\" content=\"summary_large_image\" \/>\n<meta name=\"twitter:label1\" content=\"Odhadovan\u00e1 doba \u010dten\u00ed\" \/>\n\t<meta name=\"twitter:data1\" content=\"4 minuty\" \/>\n<script type=\"application\/ld+json\" class=\"yoast-schema-graph\">{\"@context\":\"https:\/\/schema.org\",\"@graph\":[{\"@type\":\"WebPage\",\"@id\":\"https:\/\/www.ficchem.com\/privacy-policy\/\",\"url\":\"https:\/\/www.ficchem.com\/privacy-policy\/\",\"name\":\"Privacy policy - Welcome to FIC\",\"isPartOf\":{\"@id\":\"https:\/\/www.ficchem.com\/#website\"},\"datePublished\":\"2023-02-05T03:03:45+00:00\",\"dateModified\":\"2025-03-21T01:53:32+00:00\",\"breadcrumb\":{\"@id\":\"https:\/\/www.ficchem.com\/privacy-policy\/#breadcrumb\"},\"inLanguage\":\"cs\",\"potentialAction\":[{\"@type\":\"ReadAction\",\"target\":[\"https:\/\/www.ficchem.com\/privacy-policy\/\"]}]},{\"@type\":\"BreadcrumbList\",\"@id\":\"https:\/\/www.ficchem.com\/privacy-policy\/#breadcrumb\",\"itemListElement\":[{\"@type\":\"ListItem\",\"position\":1,\"name\":\"Home\",\"item\":\"https:\/\/www.ficchem.com\/\"},{\"@type\":\"ListItem\",\"position\":2,\"name\":\"Privacy policy\"}]},{\"@type\":\"WebSite\",\"@id\":\"https:\/\/www.ficchem.com\/#website\",\"url\":\"https:\/\/www.ficchem.com\/\",\"name\":\"Welcome to FIC\",\"description\":\"\",\"publisher\":{\"@id\":\"https:\/\/www.ficchem.com\/#organization\"},\"potentialAction\":[{\"@type\":\"SearchAction\",\"target\":{\"@type\":\"EntryPoint\",\"urlTemplate\":\"https:\/\/www.ficchem.com\/?s={search_term_string}\"},\"query-input\":{\"@type\":\"PropertyValueSpecification\",\"valueRequired\":true,\"valueName\":\"search_term_string\"}}],\"inLanguage\":\"cs\"},{\"@type\":\"Organization\",\"@id\":\"https:\/\/www.ficchem.com\/#organization\",\"name\":\"Welcome to FIC\",\"url\":\"https:\/\/www.ficchem.com\/\",\"logo\":{\"@type\":\"ImageObject\",\"inLanguage\":\"cs\",\"@id\":\"https:\/\/www.ficchem.com\/#\/schema\/logo\/image\/\",\"url\":\"https:\/\/www.ficchem.com\/wp-content\/uploads\/2024\/01\/logo1.png\",\"contentUrl\":\"https:\/\/www.ficchem.com\/wp-content\/uploads\/2024\/01\/logo1.png\",\"width\":120,\"height\":54,\"caption\":\"Welcome to FIC\"},\"image\":{\"@id\":\"https:\/\/www.ficchem.com\/#\/schema\/logo\/image\/\"},\"sameAs\":[\"https:\/\/www.facebook.com\/dfic2010\/\"]}]}<\/script>\n<!-- \/ Yoast SEO plugin. -->","yoast_head_json":{"title":"Privacy policy - Welcome to FIC","robots":{"index":"index","follow":"follow","max-snippet":"max-snippet:-1","max-image-preview":"max-image-preview:large","max-video-preview":"max-video-preview:-1"},"canonical":"https:\/\/www.ficchem.com\/cs\/privacy-policy\/","og_locale":"cs_CZ","og_type":"article","og_title":"Privacy policy - Welcome to FIC","og_description":"This Privacy Policy describes how your personal information is collected, used, and shared when you visit or make a purchase on us. PERSONAL INFORMATION WE COLLECT When you visit the Site, we automatically collect certain information about your device, including information about your web browser, IP address, time zone, and some of the cookies that [&hellip;]","og_url":"https:\/\/www.ficchem.com\/cs\/privacy-policy\/","og_site_name":"Welcome to FIC","article_publisher":"https:\/\/www.facebook.com\/dfic2010\/","article_modified_time":"2025-03-21T01:53:32+00:00","twitter_card":"summary_large_image","twitter_misc":{"Odhadovan\u00e1 doba \u010dten\u00ed":"4 minuty"},"schema":{"@context":"https:\/\/schema.org","@graph":[{"@type":"WebPage","@id":"https:\/\/www.ficchem.com\/privacy-policy\/","url":"https:\/\/www.ficchem.com\/privacy-policy\/","name":"Privacy policy - Welcome to FIC","isPartOf":{"@id":"https:\/\/www.ficchem.com\/#website"},"datePublished":"2023-02-05T03:03:45+00:00","dateModified":"2025-03-21T01:53:32+00:00","breadcrumb":{"@id":"https:\/\/www.ficchem.com\/privacy-policy\/#breadcrumb"},"inLanguage":"cs","potentialAction":[{"@type":"ReadAction","target":["https:\/\/www.ficchem.com\/privacy-policy\/"]}]},{"@type":"BreadcrumbList","@id":"https:\/\/www.ficchem.com\/privacy-policy\/#breadcrumb","itemListElement":[{"@type":"ListItem","position":1,"name":"Home","item":"https:\/\/www.ficchem.com\/"},{"@type":"ListItem","position":2,"name":"Privacy policy"}]},{"@type":"WebSite","@id":"https:\/\/www.ficchem.com\/#website","url":"https:\/\/www.ficchem.com\/","name":"Welcome to FIC","description":"","publisher":{"@id":"https:\/\/www.ficchem.com\/#organization"},"potentialAction":[{"@type":"SearchAction","target":{"@type":"EntryPoint","urlTemplate":"https:\/\/www.ficchem.com\/?s={search_term_string}"},"query-input":{"@type":"PropertyValueSpecification","valueRequired":true,"valueName":"search_term_string"}}],"inLanguage":"cs"},{"@type":"Organization","@id":"https:\/\/www.ficchem.com\/#organization","name":"Welcome to FIC","url":"https:\/\/www.ficchem.com\/","logo":{"@type":"ImageObject","inLanguage":"cs","@id":"https:\/\/www.ficchem.com\/#\/schema\/logo\/image\/","url":"https:\/\/www.ficchem.com\/wp-content\/uploads\/2024\/01\/logo1.png","contentUrl":"https:\/\/www.ficchem.com\/wp-content\/uploads\/2024\/01\/logo1.png","width":120,"height":54,"caption":"Welcome to FIC"},"image":{"@id":"https:\/\/www.ficchem.com\/#\/schema\/logo\/image\/"},"sameAs":["https:\/\/www.facebook.com\/dfic2010\/"]}]}},"_links":{"self":[{"href":"https:\/\/www.ficchem.com\/cs\/wp-json\/wp\/v2\/pages\/3","targetHints":{"allow":["GET"]}}],"collection":[{"href":"https:\/\/www.ficchem.com\/cs\/wp-json\/wp\/v2\/pages"}],"about":[{"href":"https:\/\/www.ficchem.com\/cs\/wp-json\/wp\/v2\/types\/page"}],"author":[{"embeddable":true,"href":"https:\/\/www.ficchem.com\/cs\/wp-json\/wp\/v2\/users\/1"}],"replies":[{"embeddable":true,"href":"https:\/\/www.ficchem.com\/cs\/wp-json\/wp\/v2\/comments?post=3"}],"version-history":[{"count":1,"href":"https:\/\/www.ficchem.com\/cs\/wp-json\/wp\/v2\/pages\/3\/revisions"}],"predecessor-version":[{"id":4638,"href":"https:\/\/www.ficchem.com\/cs\/wp-json\/wp\/v2\/pages\/3\/revisions\/4638"}],"wp:attachment":[{"href":"https:\/\/www.ficchem.com\/cs\/wp-json\/wp\/v2\/media?parent=3"}],"curies":[{"name":"wp","href":"https:\/\/api.w.org\/{rel}","templated":true}]}}